{"id":930,"date":"2022-03-22T14:06:26","date_gmt":"2022-03-22T14:06:26","guid":{"rendered":"https:\/\/neumomed.com\/?page_id=930"},"modified":"2023-09-07T17:05:20","modified_gmt":"2023-09-07T17:05:20","slug":"politica-tratamiento-de-datos","status":"publish","type":"page","link":"https:\/\/neumomed.com\/index.php\/politica-tratamiento-de-datos\/","title":{"rendered":"Pol\u00edtica Tratamiento de Datos"},"content":{"rendered":"<p>[vc_row][vc_column][vc_empty_space height=&#8221;50px&#8221;][\/vc_column][\/vc_row][vc_row][vc_column][vc_custom_heading text=&#8221;Pol\u00edtica Tratamiento de Datos&#8221; font_container=&#8221;tag:h6|font_size:50|text_align:center|color:%23888888|line_height:5&#8243; google_fonts=&#8221;font_family:Nunito%3A300%2Cregular%2C700|font_style:700%20bold%20regular%3A700%3Anormal&#8221;][\/vc_column][\/vc_row][vc_row][vc_column][vc_empty_space height=&#8221;26px&#8221;][\/vc_column][\/vc_row][vc_row][vc_column width=&#8221;1\/6&#8243;][\/vc_column][vc_column width=&#8221;1\/12&#8243;][vc_icon icon_fontawesome=&#8221;fas fa-cloud-download-alt&#8221; color=&#8221;peacoc&#8221; size=&#8221;xl&#8221; align=&#8221;center&#8221;][\/vc_column][vc_column width=&#8221;1\/4&#8243;]<span id=\"creative-link-wrap-5460\" class=\"ult_main_cl ult-adjust-bottom-margin  \" >\n\t \t\t\t<span class=\"ult_cl_link_3  ult_crlink\" >\n\t\t\t\t\t<a  data-ultimate-target='#creative-link-wrap-5460 .ult_colorlink'  data-responsive-json-new='{\"font-size\":\"desktop:20px;\",\"line-height\":\"desktop:20px;\"}'  href=\"https:\/\/neumomed.com\/wp-content\/uploads\/2022\/03\/AUTORIZACION-DE-TRATAMIENTO-DE-DATOS-PERSONALES.pdf\" target=\"_blank\" rel=\"noopener\"  class=\"ult_colorlink ult-responsive \" style=\"float:left;font-family:Nunito;font-weight:700; \"  data-textcolor=\"#888888\" data-texthover=\"#c0c0c0\"data-style=\"Style_3\">\n\t\t\t\t\t\t\n\t\t\t\t\t\t<span data-hover=\"Autorizaci\u00f3n Tratamiento de Datos Personales\" style=\"color:#888888;;;\" class=\"ult_btn10_span   \">Autorizaci\u00f3n Tratamiento de Datos Personales<\/span>\n\t\t\t\t\t\t<span class=\"ult_link_btm3 \" style=\"border-color:#333333;border-bottom-width:1px;border-style:solid;\"><\/span>\n\t\t\t\t\t<\/a>\n\t\t\t\t<\/span>\n\t\t\t<\/span>[vc_column_text]<\/p>\n<p style=\"text-align: center;\"><a href=\"https:\/\/neumomed.com\/wp-content\/uploads\/2022\/03\/AUTORIZACION-DE-TRATAMIENTO-DE-DATOS-PERSONALES.pdf\" target=\"_blank\" rel=\"noopener\"><em><span style=\"color: #33ccff;\">Descarga aqu\u00ed<\/span><\/em><\/a><\/p>\n<p>[\/vc_column_text][\/vc_column][vc_column width=&#8221;1\/12&#8243;][vc_empty_space height=&#8221;45px&#8221;][\/vc_column][vc_column width=&#8221;1\/12&#8243;][vc_icon icon_fontawesome=&#8221;fas fa-cloud-download-alt&#8221; color=&#8221;peacoc&#8221; size=&#8221;xl&#8221; align=&#8221;center&#8221;][\/vc_column][vc_column width=&#8221;1\/6&#8243;]<span id=\"creative-link-wrap-5825\" class=\"ult_main_cl ult-adjust-bottom-margin  \" >\n\t \t\t\t<span class=\"ult_cl_link_3  ult_crlink\" >\n\t\t\t\t\t<a  data-ultimate-target='#creative-link-wrap-5825 .ult_colorlink'  data-responsive-json-new='{\"font-size\":\"desktop:20px;\",\"line-height\":\"desktop:20px;\"}'  href=\"https:\/\/neumomed.com\/wp-content\/uploads\/2022\/03\/AVISO-DE-PRIVACIDAD-.pdf\" target=\"_blank\" rel=\"noopener\"  class=\"ult_colorlink ult-responsive \" style=\"font-family:Nunito;font-weight:700; \"  data-textcolor=\"#888888\" data-texthover=\"#c0c0c0\"data-style=\"Style_3\">\n\t\t\t\t\t\t\n\t\t\t\t\t\t<span data-hover=\"Aviso de Privacidad\" style=\"color:#888888;;;\" class=\"ult_btn10_span   \">Aviso de Privacidad<\/span>\n\t\t\t\t\t\t<span class=\"ult_link_btm3 \" style=\"border-color:#333333;border-bottom-width:1px;border-style:solid;\"><\/span>\n\t\t\t\t\t<\/a>\n\t\t\t\t<\/span>\n\t\t\t<\/span>[vc_column_text]<\/p>\n<p style=\"text-align: center;\"><a href=\"https:\/\/neumomed.com\/wp-content\/uploads\/2022\/03\/AVISO-DE-PRIVACIDAD-.pdf\" target=\"_blank\" rel=\"noopener\"><span style=\"color: #33ccff;\"><em>Descarga aqu\u00ed<\/em><\/span><\/a><\/p>\n<p>[\/vc_column_text][\/vc_column][\/vc_row][vc_row][vc_column][vc_empty_space height=&#8221;45px&#8221;][\/vc_column][\/vc_row][vc_row][vc_column width=&#8221;1\/6&#8243;][\/vc_column][vc_column width=&#8221;1\/12&#8243;][vc_icon icon_fontawesome=&#8221;fas fa-cloud-download-alt&#8221; color=&#8221;peacoc&#8221; size=&#8221;xl&#8221; align=&#8221;center&#8221;][\/vc_column][vc_column width=&#8221;1\/4&#8243;]<span id=\"creative-link-wrap-9434\" class=\"ult_main_cl ult-adjust-bottom-margin  \" >\n\t \t\t\t<span class=\"ult_cl_link_3  ult_crlink\" >\n\t\t\t\t\t<a  data-ultimate-target='#creative-link-wrap-9434 .ult_colorlink'  data-responsive-json-new='{\"font-size\":\"desktop:20px;\",\"line-height\":\"desktop:20px;\"}'  href=\"https:\/\/neumomed.com\/wp-content\/uploads\/2023\/09\/POLI\u0301TICA-DE-TRATAMIENTO-DE-DATOS.pdf\" target=\"_blank\" rel=\"noopener\"  class=\"ult_colorlink ult-responsive \" style=\"font-family:Nunito;font-weight:700; \"  data-textcolor=\"#888888\" data-texthover=\"#c0c0c0\"data-style=\"Style_3\">\n\t\t\t\t\t\t\n\t\t\t\t\t\t<span data-hover=\"Pol\u00edtica de Tratamiento de Datos\" style=\"color:#888888;;;\" class=\"ult_btn10_span   \">Pol\u00edtica de Tratamiento de Datos<\/span>\n\t\t\t\t\t\t<span class=\"ult_link_btm3 \" style=\"border-color:#333333;border-bottom-width:1px;border-style:solid;\"><\/span>\n\t\t\t\t\t<\/a>\n\t\t\t\t<\/span>\n\t\t\t<\/span>[vc_column_text]<\/p>\n<p style=\"text-align: center;\"><a href=\"https:\/\/neumomed.com\/wp-content\/uploads\/2023\/09\/POLI\u0301TICA-DE-TRATAMIENTO-DE-DATOS.pdf\" target=\"_blank\" rel=\"noopener\"><span style=\"color: #33ccff;\"><em>Descarga aqu\u00ed<\/em><\/span><\/a><\/p>\n<p>[\/vc_column_text][\/vc_column][vc_column width=&#8221;1\/4&#8243;][\/vc_column][\/vc_row][vc_row][vc_column][vc_empty_space height=&#8221;100px&#8221;][\/vc_column][\/vc_row]<\/p>\n","protected":false},"excerpt":{"rendered":"<p>[vc_row][vc_column][vc_empty_space height=&#8221;50px&#8221;][\/vc_column][\/vc_row][vc_row][vc_column][vc_custom_heading text=&#8221;Pol\u00edtica Tratamiento de Datos&#8221; font_container=&#8221;tag:h6|font_size:50|text_align:center|color:%23888888|line_height:5&#8243; google_fonts=&#8221;font_family:Nunito%3A300%2Cregular%2C700|font_style:700%20bold%20regular%3A700%3Anormal&#8221;][\/vc_column][\/vc_row][vc_row][vc_column][vc_empty_space height=&#8221;26px&#8221;][\/vc_column][\/vc_row][vc_row][vc_column width=&#8221;1\/6&#8243;][\/vc_column][vc_column width=&#8221;1\/12&#8243;][vc_icon icon_fontawesome=&#8221;fas fa-cloud-download-alt&#8221; color=&#8221;peacoc&#8221; size=&#8221;xl&#8221; align=&#8221;center&#8221;][\/vc_column][vc_column width=&#8221;1\/4&#8243;][vc_column_text] Descarga aqu\u00ed [\/vc_column_text][\/vc_column][vc_column width=&#8221;1\/12&#8243;][vc_empty_space height=&#8221;45px&#8221;][\/vc_column][vc_column width=&#8221;1\/12&#8243;][vc_icon icon_fontawesome=&#8221;fas fa-cloud-download-alt&#8221; color=&#8221;peacoc&#8221; size=&#8221;xl&#8221; align=&#8221;center&#8221;][\/vc_column][vc_column width=&#8221;1\/6&#8243;][vc_column_text] Descarga aqu\u00ed [\/vc_column_text][\/vc_column][\/vc_row][vc_row][vc_column][vc_empty_space height=&#8221;45px&#8221;][\/vc_column][\/vc_row][vc_row][vc_column width=&#8221;1\/6&#8243;][\/vc_column][vc_column width=&#8221;1\/12&#8243;][vc_icon icon_fontawesome=&#8221;fas fa-cloud-download-alt&#8221; color=&#8221;peacoc&#8221; size=&#8221;xl&#8221; align=&#8221;center&#8221;][\/vc_column][vc_column width=&#8221;1\/4&#8243;][vc_column_text] Descarga aqu\u00ed [\/vc_column_text][\/vc_column][vc_column width=&#8221;1\/4&#8243;][\/vc_column][\/vc_row][vc_row][vc_column][vc_empty_space height=&#8221;100px&#8221;][\/vc_column][\/vc_row]<\/p>\n","protected":false},"author":1,"featured_media":0,"parent":0,"menu_order":0,"comment_status":"closed","ping_status":"closed","template":"one-page-template.php","meta":[],"yoast_head":"<!-- This site is optimized with the Yoast SEO plugin v19.3 - https:\/\/yoast.com\/wordpress\/plugins\/seo\/ -->\n<title>Pol\u00edtica Tratamiento de Datos &ndash; Neumomed<\/title>\n<meta name=\"description\" content=\"Cl\u00ednica del sue\u00f1o y enfermedades respiratorias. Atenci\u00f3n integral en salud en la modalidad presencial y virtual.\" \/>\n<meta name=\"robots\" content=\"noindex, nofollow\" \/>\n<meta property=\"og:locale\" content=\"es_ES\" \/>\n<meta property=\"og:type\" content=\"article\" \/>\n<meta property=\"og:title\" content=\"Pol\u00edtica Tratamiento de Datos &ndash; Neumomed\" \/>\n<meta property=\"og:description\" content=\"Cl\u00ednica del sue\u00f1o y enfermedades respiratorias. Atenci\u00f3n integral en salud en la modalidad presencial y virtual.\" \/>\n<meta property=\"og:url\" content=\"https:\/\/neumomed.com\/index.php\/politica-tratamiento-de-datos\/\" \/>\n<meta property=\"og:site_name\" content=\"Neumomed\" \/>\n<meta property=\"article:modified_time\" content=\"2023-09-07T17:05:20+00:00\" \/>\n<meta name=\"twitter:card\" content=\"summary_large_image\" \/>\n<meta name=\"twitter:label1\" content=\"Tiempo estimado de lectura\" \/>\n\t<meta name=\"twitter:data1\" content=\"1 minuto\" \/>\n<script type=\"application\/ld+json\" class=\"yoast-schema-graph\">{\"@context\":\"https:\/\/schema.org\",\"@graph\":[{\"@type\":\"Organization\",\"@id\":\"https:\/\/neumomed.com\/#organization\",\"name\":\"Neumomed IPS\",\"url\":\"https:\/\/neumomed.com\/\",\"sameAs\":[],\"logo\":{\"@type\":\"ImageObject\",\"inLanguage\":\"es-CO\",\"@id\":\"https:\/\/neumomed.com\/#\/schema\/logo\/image\/\",\"url\":\"https:\/\/neumomed.com\/wp-content\/uploads\/2022\/07\/Logo-neumomed-ajuste.jpg\",\"contentUrl\":\"https:\/\/neumomed.com\/wp-content\/uploads\/2022\/07\/Logo-neumomed-ajuste.jpg\",\"width\":2500,\"height\":1829,\"caption\":\"Neumomed IPS\"},\"image\":{\"@id\":\"https:\/\/neumomed.com\/#\/schema\/logo\/image\/\"}},{\"@type\":\"WebSite\",\"@id\":\"https:\/\/neumomed.com\/#website\",\"url\":\"https:\/\/neumomed.com\/\",\"name\":\"Neumomed\",\"description\":\"\",\"publisher\":{\"@id\":\"https:\/\/neumomed.com\/#organization\"},\"potentialAction\":[{\"@type\":\"SearchAction\",\"target\":{\"@type\":\"EntryPoint\",\"urlTemplate\":\"https:\/\/neumomed.com\/?s={search_term_string}\"},\"query-input\":\"required name=search_term_string\"}],\"inLanguage\":\"es-CO\"},{\"@type\":\"WebPage\",\"@id\":\"https:\/\/neumomed.com\/index.php\/politica-tratamiento-de-datos\/\",\"url\":\"https:\/\/neumomed.com\/index.php\/politica-tratamiento-de-datos\/\",\"name\":\"Pol\u00edtica Tratamiento de Datos &ndash; Neumomed\",\"isPartOf\":{\"@id\":\"https:\/\/neumomed.com\/#website\"},\"datePublished\":\"2022-03-22T14:06:26+00:00\",\"dateModified\":\"2023-09-07T17:05:20+00:00\",\"description\":\"Cl\u00ednica del sue\u00f1o y enfermedades respiratorias. Atenci\u00f3n integral en salud en la modalidad presencial y virtual.\",\"breadcrumb\":{\"@id\":\"https:\/\/neumomed.com\/index.php\/politica-tratamiento-de-datos\/#breadcrumb\"},\"inLanguage\":\"es-CO\",\"potentialAction\":[{\"@type\":\"ReadAction\",\"target\":[\"https:\/\/neumomed.com\/index.php\/politica-tratamiento-de-datos\/\"]}]},{\"@type\":\"BreadcrumbList\",\"@id\":\"https:\/\/neumomed.com\/index.php\/politica-tratamiento-de-datos\/#breadcrumb\",\"itemListElement\":[{\"@type\":\"ListItem\",\"position\":1,\"name\":\"Inicio\",\"item\":\"https:\/\/neumomed.com\/\"},{\"@type\":\"ListItem\",\"position\":2,\"name\":\"Pol\u00edtica Tratamiento de Datos\"}]}]}<\/script>\n<!-- \/ Yoast SEO plugin. -->","yoast_head_json":{"title":"Pol\u00edtica Tratamiento de Datos &ndash; Neumomed","description":"Cl\u00ednica del sue\u00f1o y enfermedades respiratorias. Atenci\u00f3n integral en salud en la modalidad presencial y virtual.","robots":{"index":"noindex","follow":"nofollow"},"og_locale":"es_ES","og_type":"article","og_title":"Pol\u00edtica Tratamiento de Datos &ndash; Neumomed","og_description":"Cl\u00ednica del sue\u00f1o y enfermedades respiratorias. Atenci\u00f3n integral en salud en la modalidad presencial y virtual.","og_url":"https:\/\/neumomed.com\/index.php\/politica-tratamiento-de-datos\/","og_site_name":"Neumomed","article_modified_time":"2023-09-07T17:05:20+00:00","twitter_card":"summary_large_image","twitter_misc":{"Tiempo estimado de lectura":"1 minuto"},"schema":{"@context":"https:\/\/schema.org","@graph":[{"@type":"Organization","@id":"https:\/\/neumomed.com\/#organization","name":"Neumomed IPS","url":"https:\/\/neumomed.com\/","sameAs":[],"logo":{"@type":"ImageObject","inLanguage":"es-CO","@id":"https:\/\/neumomed.com\/#\/schema\/logo\/image\/","url":"https:\/\/neumomed.com\/wp-content\/uploads\/2022\/07\/Logo-neumomed-ajuste.jpg","contentUrl":"https:\/\/neumomed.com\/wp-content\/uploads\/2022\/07\/Logo-neumomed-ajuste.jpg","width":2500,"height":1829,"caption":"Neumomed IPS"},"image":{"@id":"https:\/\/neumomed.com\/#\/schema\/logo\/image\/"}},{"@type":"WebSite","@id":"https:\/\/neumomed.com\/#website","url":"https:\/\/neumomed.com\/","name":"Neumomed","description":"","publisher":{"@id":"https:\/\/neumomed.com\/#organization"},"potentialAction":[{"@type":"SearchAction","target":{"@type":"EntryPoint","urlTemplate":"https:\/\/neumomed.com\/?s={search_term_string}"},"query-input":"required name=search_term_string"}],"inLanguage":"es-CO"},{"@type":"WebPage","@id":"https:\/\/neumomed.com\/index.php\/politica-tratamiento-de-datos\/","url":"https:\/\/neumomed.com\/index.php\/politica-tratamiento-de-datos\/","name":"Pol\u00edtica Tratamiento de Datos &ndash; Neumomed","isPartOf":{"@id":"https:\/\/neumomed.com\/#website"},"datePublished":"2022-03-22T14:06:26+00:00","dateModified":"2023-09-07T17:05:20+00:00","description":"Cl\u00ednica del sue\u00f1o y enfermedades respiratorias. Atenci\u00f3n integral en salud en la modalidad presencial y virtual.","breadcrumb":{"@id":"https:\/\/neumomed.com\/index.php\/politica-tratamiento-de-datos\/#breadcrumb"},"inLanguage":"es-CO","potentialAction":[{"@type":"ReadAction","target":["https:\/\/neumomed.com\/index.php\/politica-tratamiento-de-datos\/"]}]},{"@type":"BreadcrumbList","@id":"https:\/\/neumomed.com\/index.php\/politica-tratamiento-de-datos\/#breadcrumb","itemListElement":[{"@type":"ListItem","position":1,"name":"Inicio","item":"https:\/\/neumomed.com\/"},{"@type":"ListItem","position":2,"name":"Pol\u00edtica Tratamiento de Datos"}]}]}},"_links":{"self":[{"href":"https:\/\/neumomed.com\/index.php\/wp-json\/wp\/v2\/pages\/930"}],"collection":[{"href":"https:\/\/neumomed.com\/index.php\/wp-json\/wp\/v2\/pages"}],"about":[{"href":"https:\/\/neumomed.com\/index.php\/wp-json\/wp\/v2\/types\/page"}],"author":[{"embeddable":true,"href":"https:\/\/neumomed.com\/index.php\/wp-json\/wp\/v2\/users\/1"}],"replies":[{"embeddable":true,"href":"https:\/\/neumomed.com\/index.php\/wp-json\/wp\/v2\/comments?post=930"}],"version-history":[{"count":74,"href":"https:\/\/neumomed.com\/index.php\/wp-json\/wp\/v2\/pages\/930\/revisions"}],"predecessor-version":[{"id":1170,"href":"https:\/\/neumomed.com\/index.php\/wp-json\/wp\/v2\/pages\/930\/revisions\/1170"}],"wp:attachment":[{"href":"https:\/\/neumomed.com\/index.php\/wp-json\/wp\/v2\/media?parent=930"}],"curies":[{"name":"wp","href":"https:\/\/api.w.org\/{rel}","templated":true}]}}